{"id":1999,"date":"2018-12-24T17:03:12","date_gmt":"2018-12-24T16:03:12","guid":{"rendered":"https:\/\/www.location-hossegor-thalassa.fr\/?page_id=1999"},"modified":"2018-12-25T09:19:26","modified_gmt":"2018-12-25T08:19:26","slug":"les-avis","status":"publish","type":"page","link":"https:\/\/www.location-hossegor-thalassa.fr\/home\/les-avis\/","title":{"rendered":"Les Avis"},"content":{"rendered":"\t\t<div data-elementor-type=\"post\" data-elementor-id=\"1999\" class=\"elementor elementor-1999\" data-elementor-settings=\"[]\">\n\t\t\t<div class=\"elementor-inner\">\n\t\t\t\t<div class=\"elementor-section-wrap\">\n\t\t\t\t\t\t\t<section data-id=\"8a52f92\" class=\"elementor-element elementor-element-8a52f92 elementor-section-boxed elementor-section-height-default elementor-section-height-default elementor-section elementor-top-section\" data-element_type=\"section\">\n\t\t\t\t\t\t<div class=\"elementor-container elementor-column-gap-default\">\n\t\t\t\t<div class=\"elementor-row\">\n\t\t\t\t<div data-id=\"1b3cc5c\" class=\"elementor-element elementor-element-1b3cc5c elementor-column elementor-col-100 elementor-top-column\" data-element_type=\"column\">\n\t\t\t<div class=\"elementor-column-wrap  elementor-element-populated\">\n\t\t\t\t\t<div class=\"elementor-widget-wrap\">\n\t\t\t\t<div data-id=\"44e31d8\" class=\"elementor-element elementor-element-44e31d8 animated fadeInUp elementor-invisible elementor-widget elementor-widget-heading\" data-settings=\"{&quot;_animation&quot;:&quot;fadeInUp&quot;}\" data-element_type=\"heading.default\">\n\t\t\t\t<div class=\"elementor-widget-container\">\n\t\t\t<h1 class=\"elementor-heading-title elementor-size-default\">Les avis... \/5<\/h1>\t\t<\/div>\n\t\t\t\t<\/div>\n\t\t\t\t<div data-id=\"5957f8a\" class=\"elementor-element elementor-element-5957f8a animated fadeInUp elementor-invisible elementor-widget elementor-widget-text-editor\" data-settings=\"{&quot;_animation&quot;:&quot;fadeInUp&quot;,&quot;_animation_delay&quot;:400}\" data-element_type=\"text-editor.default\">\n\t\t\t\t<div class=\"elementor-widget-container\">\n\t\t\t\t\t<div class=\"elementor-text-editor elementor-clearfix\"><\/div>\n\t\t\t\t<\/div>\n\t\t\t\t<\/div>\n\t\t\t\t\t\t<\/div>\n\t\t\t<\/div>\n\t\t<\/div>\n\t\t\t\t\t\t<\/div>\n\t\t\t<\/div>\n\t\t<\/section>\n\t\t\t\t<section data-id=\"b64a157\" class=\"elementor-element elementor-element-b64a157 elementor-section-boxed elementor-section-height-default elementor-section-height-default elementor-section elementor-top-section\" data-element_type=\"section\">\n\t\t\t\t\t\t<div class=\"elementor-container elementor-column-gap-default\">\n\t\t\t\t<div class=\"elementor-row\">\n\t\t\t\t<div data-id=\"a5ff7a3\" class=\"elementor-element elementor-element-a5ff7a3 elementor-column elementor-col-66 elementor-top-column\" data-element_type=\"column\">\n\t\t\t<div class=\"elementor-column-wrap  elementor-element-populated\">\n\t\t\t\t\t<div class=\"elementor-widget-wrap\">\n\t\t\t\t<div data-id=\"17b9cfa\" class=\"elementor-element elementor-element-17b9cfa animated fadeInUp elementor-invisible elementor-widget elementor-widget-text-editor\" data-settings=\"{&quot;_animation&quot;:&quot;fadeInUp&quot;}\" data-element_type=\"text-editor.default\">\n\t\t\t\t<div class=\"elementor-widget-container\">\n\t\t\t\t\t<div class=\"elementor-text-editor elementor-clearfix\"><h2>Super !!! &#8211;\u00a0<strong>\u2665<\/strong><strong>\u2665<\/strong><strong>\u2665<\/strong><strong>\u2665<\/strong><strong>\u2665\u00a0<\/strong><\/h2><div><h3><strong>Aurelie S. <\/strong><\/h3><p>Date du s\u00e9jour mai 2016<\/p><div><p>Emplacement top, appartement spacieux et propre. Terrasse et acces direct plage tres agreable. Proprietaires vraiment adorables. Nous reviendrons des que possible.<\/p><hr \/><\/div><\/div><div><div><h2>\u00a0<\/h2><h2>Superbe villa &#8211;\u00a0<strong>\u2665<\/strong><strong>\u2665<\/strong><strong>\u2665<\/strong><strong>\u2665<\/strong><strong>\u2665\u00a0<\/strong><\/h2><h3>Nicolas P.<\/h3><p>Date du s\u00e9jour mai 2016<\/p><div><p>C&rsquo;est une superbe villa dans laquelle nous avons pass\u00e9 un tr\u00e8s bon s\u00e9jour d&rsquo;une semaine.<\/p><p>La plage en bout de jardin, de l&rsquo;espace, un tr\u00e8s beau jardin, rien ne manque en mat\u00e9riel dans la maison, une connexion internet excellente.<\/p><p>Tr\u00e8s bon emplacement g\u00e9ographique aussi, tout est \u00e0 c\u00f4t\u00e9 de la maison c&rsquo;est aussi tr\u00e8s appr\u00e9ciable.<\/p><p>Les propri\u00e9taires sont aussi tr\u00e8s sympathique et r\u00e9pondent rapidement \u00e0 chaque demande par t\u00e9l\u00e9phone ou par mail.<\/p><p>Nous conseillons fortement cette location.<\/p><hr \/><\/div><\/div><div>\u00a0<\/div><div><div><h2>Absolutely fantastic-\u00a0<strong>\u2665<\/strong><strong>\u2665<\/strong><strong>\u2665<\/strong><strong>\u2665<\/strong><strong>\u2665\u00a0<\/strong><\/h2><h3>Stephen C.<\/h3><p>Date du s\u00e9jour avr. 2016<\/p><div><p>Great location on the beach and short walk to town. Fully equipped for a family traveling with a small child. If your a surfer it its bonus. The owner is very nice and very helpful. Awesome villa, and very reasonably priced. We will definitely be back<\/p><p>Steve Casey<\/p><hr \/><\/div><\/div><div>\u00a0<\/div><\/div><div><div><div><h2>Wundersch\u00f6ne Wohnung mit traumhaften Ausblick!-\u00a0<strong>\u2665<\/strong><strong>\u2665<\/strong><strong>\u2665<\/strong><strong>\u2665<\/strong><strong>\u2665\u00a0<\/strong><\/h2><h3>Andrea S.<\/h3><p>Date du s\u00e9jour mai 2015<\/p><div><p>Wir haben einen traumhaften Urlaub in dieser tollen, modernen Wohnung verbracht. Es ist alles in der Wohnung vorhanden, was man braucht &#8211; von der perfekt eingerichteten K\u00fcche bis hin zum Elektrogrill, Liegest\u00fchle f\u00fcr den Garten, Waschmaschine mit W\u00e4schest\u00e4nder, ein eigener Abstellraum f\u00fcr Surfbretter, Sonnenschirm, W-LAN Verbindung, Flachbildfernseher &#8230; Jedes Schlafzimmer hat ein eigenes Badezimmer, was sehr komfortabel ist. Vom sch\u00f6n angelegten Garten hat man einen fantastischen Blick auf den Atlantik. Das Vermieter-Ehepaar ist sehr freundlich, aufmerksam und hilfsbereit! Die Wohnung haben wir sehr sauber und ordentlich vorgefunden.<\/p><p>Wir freuen uns schon auf das n\u00e4chste Jahr bei Ihnen, Frau und Herr Lassartesse!<\/p><hr \/><\/div><\/div><div>\u00a0<\/div><\/div><div>\u00a0<\/div><h2>Super villa &#8211;\u00a0<strong>\u2665<\/strong><strong>\u2665<\/strong><strong>\u2665\u00a0<\/strong><\/h2><h3><strong>Monique L.\u00a0<\/strong><\/h3><p style=\"font-weight: 400; font-style: normal; font-size: 14px; font-family: Raleway, Helvetica, Arial, sans-serif;\"><span style=\"font-weight: 400; font-style: normal; font-size: 14px; font-family: Lato, Arial, 'Helvetica Neue', sans-serif; letter-spacing: 0px; color: #5e6d77; white-space: pre-line;\">Date du s\u00e9jour <\/span><span style=\"font-weight: 400; font-style: normal; font-size: 14px; font-family: Lato, Arial, 'Helvetica Neue', sans-serif; letter-spacing: 0px; color: #5e6d77; white-space: pre-line;\">juil. 2016<\/span><\/p><div style=\"font-weight: 400; font-style: normal; font-size: 14px; font-family: Raleway, Helvetica, Arial, sans-serif;\"><div style=\"font-size: 14px;\"><p style=\"font-size: 14px;\">Villa tr\u00e8s bien plac\u00e9e, propri\u00e9taire charmant et \u00e0 l&rsquo;\u00e9coute de ses locataires. La chambre avec un grand lit m\u00e9riterait un peu de moderniste et une bonne literie en 160.<\/p><hr style=\"width: 771.641px;\" \/><\/div><div style=\"font-size: 14px;\">\u00a0<\/div><\/div><\/div><\/div><div>\u00a0<\/div><\/div>\n\t\t\t\t<\/div>\n\t\t\t\t<\/div>\n\t\t\t\t\t\t<\/div>\n\t\t\t<\/div>\n\t\t<\/div>\n\t\t\t\t<div data-id=\"10c4cd0\" class=\"elementor-element elementor-element-10c4cd0 elementor-column elementor-col-33 elementor-top-column\" data-element_type=\"column\">\n\t\t\t<div class=\"elementor-column-wrap\">\n\t\t\t\t\t<div class=\"elementor-widget-wrap\">\n\t\t\t\t\t\t<\/div>\n\t\t\t<\/div>\n\t\t<\/div>\n\t\t\t\t\t\t<\/div>\n\t\t\t<\/div>\n\t\t<\/section>\n\t\t\t\t\t\t<\/div>\n\t\t\t<\/div>\n\t\t<\/div>\n\t\t","protected":false},"excerpt":{"rendered":"<p>Les avis&#8230; \/5 Super !!! &#8211;\u00a0\u2665\u2665\u2665\u2665\u2665\u00a0 Aurelie S. Date du s\u00e9jour mai 2016 Emplacement top, appartement spacieux et propre. Terrasse et acces direct plage tres agreable. Proprietaires vraiment adorables. Nous reviendrons des que possible. \u00a0 Superbe villa &#8211;\u00a0\u2665\u2665\u2665\u2665\u2665\u00a0 Nicolas P. [&hellip;]<\/p>\n","protected":false},"author":1,"featured_media":0,"parent":0,"menu_order":0,"comment_status":"closed","ping_status":"closed","template":"","meta":{"_monsterinsights_skip_tracking":false,"_monsterinsights_sitenote_active":false,"_monsterinsights_sitenote_note":"","_monsterinsights_sitenote_category":0},"_links":{"self":[{"href":"https:\/\/www.location-hossegor-thalassa.fr\/home\/wp-json\/wp\/v2\/pages\/1999"}],"collection":[{"href":"https:\/\/www.location-hossegor-thalassa.fr\/home\/wp-json\/wp\/v2\/pages"}],"about":[{"href":"https:\/\/www.location-hossegor-thalassa.fr\/home\/wp-json\/wp\/v2\/types\/page"}],"author":[{"embeddable":true,"href":"https:\/\/www.location-hossegor-thalassa.fr\/home\/wp-json\/wp\/v2\/users\/1"}],"replies":[{"embeddable":true,"href":"https:\/\/www.location-hossegor-thalassa.fr\/home\/wp-json\/wp\/v2\/comments?post=1999"}],"version-history":[{"count":4,"href":"https:\/\/www.location-hossegor-thalassa.fr\/home\/wp-json\/wp\/v2\/pages\/1999\/revisions"}],"predecessor-version":[{"id":2011,"href":"https:\/\/www.location-hossegor-thalassa.fr\/home\/wp-json\/wp\/v2\/pages\/1999\/revisions\/2011"}],"wp:attachment":[{"href":"https:\/\/www.location-hossegor-thalassa.fr\/home\/wp-json\/wp\/v2\/media?parent=1999"}],"curies":[{"name":"wp","href":"https:\/\/api.w.org\/{rel}","templated":true}]}}