{"id":2131,"date":"2018-06-25T05:31:02","date_gmt":"2018-06-25T03:31:02","guid":{"rendered":"https:\/\/www.location-hossegor-thalassa.fr\/?page_id=662"},"modified":"2019-02-13T21:42:24","modified_gmt":"2019-02-13T20:42:24","slug":"home","status":"publish","type":"page","link":"https:\/\/www.location-hossegor-thalassa.fr\/home\/","title":{"rendered":"Home"},"content":{"rendered":"\t\t<div data-elementor-type=\"post\" data-elementor-id=\"2131\" class=\"elementor elementor-2131\" data-elementor-settings=\"[]\">\n\t\t\t<div class=\"elementor-inner\">\n\t\t\t\t<div class=\"elementor-section-wrap\">\n\t\t\t\t\t\t\t<section data-id=\"e194771\" class=\"elementor-element elementor-element-e194771 elementor-section-stretched elementor-section-height-min-height elementor-section-boxed elementor-section-height-default elementor-section-items-middle elementor-section elementor-top-section\" data-settings=\"{&quot;stretch_section&quot;:&quot;section-stretched&quot;,&quot;background_background&quot;:&quot;video&quot;,&quot;background_video_link&quot;:&quot;https:\\\/\\\/www.youtube.com\\\/watch?v=2kFJgdod8yg&amp;rel=0&quot;,&quot;background_video_start&quot;:5,&quot;background_video_end&quot;:120}\" data-element_type=\"section\">\n\t\t\t\t\t\t\t\t<div class=\"elementor-background-video-container elementor-hidden-phone\">\n\t\t\t\t\t\t\t\t\t\t\t\t\t<div class=\"elementor-background-video-embed\"><\/div>\n\t\t\t\t\t\t\t\t\t\t\t<\/div>\n\t\t\t\t\t\t\t\t\t<div class=\"elementor-background-overlay\"><\/div>\n\t\t\t\t\t\t\t<div class=\"elementor-container elementor-column-gap-default\">\n\t\t\t\t<div class=\"elementor-row\">\n\t\t\t\t<div data-id=\"2c4642d\" class=\"elementor-element elementor-element-2c4642d elementor-column elementor-col-100 elementor-top-column\" data-element_type=\"column\">\n\t\t\t<div class=\"elementor-column-wrap  elementor-element-populated\">\n\t\t\t\t\t<div class=\"elementor-widget-wrap\">\n\t\t\t\t<div data-id=\"8ea9f25\" class=\"elementor-element elementor-element-8ea9f25 animated fadeInUp elementor-invisible elementor-widget elementor-widget-heading\" data-settings=\"{&quot;_animation&quot;:&quot;fadeInUp&quot;}\" data-element_type=\"heading.default\">\n\t\t\t\t<div class=\"elementor-widget-container\">\n\t\t\t<div class=\"elementor-heading-title elementor-size-default\">vos vacances au bord de l'oc\u00e9an atlantique<\/div>\t\t<\/div>\n\t\t\t\t<\/div>\n\t\t\t\t<div data-id=\"6b2f183\" class=\"elementor-element elementor-element-6b2f183 animated fadeInUp elementor-invisible elementor-widget elementor-widget-text-editor\" data-settings=\"{&quot;_animation&quot;:&quot;fadeInUp&quot;,&quot;_animation_delay&quot;:400}\" data-element_type=\"text-editor.default\">\n\t\t\t\t<div class=\"elementor-widget-container\">\n\t\t\t\t\t<div class=\"elementor-text-editor elementor-clearfix\"><p class=\"p1\">Votre appartement face \u00e0 l&rsquo;Oc\u00e9an \u00e0 HOSSEGOR &#8211; plage SUD. Situation unique au rez de chauss\u00e9e de la\u00a0<i>Villa Thalassa.<\/i>\u00a0<\/p><p class=\"p1\">\u00a0<\/p><\/div>\n\t\t\t\t<\/div>\n\t\t\t\t<\/div>\n\t\t\t\t\t\t<\/div>\n\t\t\t<\/div>\n\t\t<\/div>\n\t\t\t\t\t\t<\/div>\n\t\t\t<\/div>\n\t\t<\/section>\n\t\t\t\t<section data-id=\"8635d42\" class=\"elementor-element elementor-element-8635d42 elementor-section-boxed elementor-section-height-default elementor-section-height-default elementor-section elementor-top-section\" data-element_type=\"section\">\n\t\t\t\t\t\t<div class=\"elementor-container elementor-column-gap-default\">\n\t\t\t\t<div class=\"elementor-row\">\n\t\t\t\t<div data-id=\"3f81bcb\" class=\"elementor-element elementor-element-3f81bcb elementor-column elementor-col-100 elementor-top-column\" data-element_type=\"column\">\n\t\t\t<div class=\"elementor-column-wrap\">\n\t\t\t\t\t<div class=\"elementor-widget-wrap\">\n\t\t\t\t\t\t<\/div>\n\t\t\t<\/div>\n\t\t<\/div>\n\t\t\t\t\t\t<\/div>\n\t\t\t<\/div>\n\t\t<\/section>\n\t\t\t\t<section data-id=\"349c054\" class=\"elementor-element elementor-element-349c054 elementor-section-boxed elementor-section-height-default elementor-section-height-default elementor-section elementor-top-section\" data-element_type=\"section\">\n\t\t\t\t\t\t<div class=\"elementor-container elementor-column-gap-default\">\n\t\t\t\t<div class=\"elementor-row\">\n\t\t\t\t<div data-id=\"78d9bea\" class=\"elementor-element elementor-element-78d9bea elementor-column elementor-col-100 elementor-top-column\" data-element_type=\"column\">\n\t\t\t<div class=\"elementor-column-wrap  elementor-element-populated\">\n\t\t\t\t\t<div class=\"elementor-widget-wrap\">\n\t\t\t\t<div data-id=\"632620f\" class=\"elementor-element elementor-element-632620f animated fadeInUp elementor-invisible elementor-widget elementor-widget-image\" data-settings=\"{&quot;_animation&quot;:&quot;fadeInUp&quot;}\" data-element_type=\"image.default\">\n\t\t\t\t<div class=\"elementor-widget-container\">\n\t\t\t\t\t<div class=\"elementor-image\">\n\t\t\t\t\t\t\t\t\t\t<img width=\"180\" height=\"168\" src=\"https:\/\/www.location-hossegor-thalassa.fr\/wp-content\/uploads\/2018\/07\/icon_tree.png\" class=\"attachment-full size-full\" alt=\"\" loading=\"lazy\" \/>\t\t\t\t\t\t\t\t\t\t\t<\/div>\n\t\t\t\t<\/div>\n\t\t\t\t<\/div>\n\t\t\t\t<div data-id=\"d8d07ad\" class=\"elementor-element elementor-element-d8d07ad animated fadeInUp elementor-invisible elementor-widget elementor-widget-text-editor\" data-settings=\"{&quot;_animation&quot;:&quot;fadeInUp&quot;}\" data-element_type=\"text-editor.default\">\n\t\t\t\t<div class=\"elementor-widget-container\">\n\t\t\t\t\t<div class=\"elementor-text-editor elementor-clearfix\"><p class=\"p1\">Pour vous\u00a0<span class=\"s1\" style=\"color: #8d6c4a;\"><i>ressourcer <\/i><\/span>loin des tumultes de la vie quotidienne,\u00a0<span class=\"s1\" style=\"color: #8d6c4a;\"><i>les pieds dans l&rsquo;eau&#8230;<\/i><\/span><\/p><\/div>\n\t\t\t\t<\/div>\n\t\t\t\t<\/div>\n\t\t\t\t<div data-id=\"f93f677\" class=\"elementor-element elementor-element-f93f677 animated fadeInUp elementor-invisible elementor-widget elementor-widget-text-editor\" data-settings=\"{&quot;_animation&quot;:&quot;fadeInUp&quot;,&quot;_animation_delay&quot;:400}\" data-element_type=\"text-editor.default\">\n\t\t\t\t<div class=\"elementor-widget-container\">\n\t\t\t\t\t<div class=\"elementor-text-editor elementor-clearfix\"><p>Construction 2010. A louer: appartement de 70 m\u00b2 au rez de chauss\u00e9e de la villa Thalassa. Sur la dune, au dessus de la plage SUD de Hossegor, en premi\u00e8re ligne. Situation unique face \u00e0 l\u2019Oc\u00e9an. Entr\u00e9e par le Boulevard de la Dune au n\u00b0 277 (n\u00b01) ou 277b (n\u00b02). Parking priv\u00e9 \u00e0 l\u2019int\u00e9rieur de la propri\u00e9t\u00e9 pour 2 voitures par appartement.<\/p><\/div>\n\t\t\t\t<\/div>\n\t\t\t\t<\/div>\n\t\t\t\t<div data-id=\"8af81d1\" class=\"elementor-element elementor-element-8af81d1 animated fadeInUp elementor-invisible elementor-widget elementor-widget-heading\" data-settings=\"{&quot;_animation&quot;:&quot;fadeInUp&quot;,&quot;_animation_delay&quot;:1200}\" data-element_type=\"heading.default\">\n\t\t\t\t<div class=\"elementor-widget-container\">\n\t\t\t<h4 class=\"elementor-heading-title elementor-size-default\">Lucie L. <\/h4>\t\t<\/div>\n\t\t\t\t<\/div>\n\t\t\t\t<div data-id=\"c100f8d\" class=\"elementor-element elementor-element-c100f8d animated fadeInUp elementor-invisible elementor-widget elementor-widget-text-editor\" data-settings=\"{&quot;_animation&quot;:&quot;fadeInUp&quot;,&quot;_animation_delay&quot;:1600}\" data-element_type=\"text-editor.default\">\n\t\t\t\t<div class=\"elementor-widget-container\">\n\t\t\t\t\t<div class=\"elementor-text-editor elementor-clearfix\"><\/div>\n\t\t\t\t<\/div>\n\t\t\t\t<\/div>\n\t\t\t\t\t\t<\/div>\n\t\t\t<\/div>\n\t\t<\/div>\n\t\t\t\t\t\t<\/div>\n\t\t\t<\/div>\n\t\t<\/section>\n\t\t\t\t<section data-id=\"d047502\" class=\"elementor-element elementor-element-d047502 elementor-section-stretched elementor-section-height-min-height animated fadeIn elementor-section-boxed elementor-section-height-default elementor-section-items-middle elementor-invisible elementor-section elementor-top-section\" data-settings=\"{&quot;stretch_section&quot;:&quot;section-stretched&quot;,&quot;background_background&quot;:&quot;classic&quot;,&quot;animation&quot;:&quot;fadeIn&quot;}\" data-element_type=\"section\">\n\t\t\t\t\t\t\t<div class=\"elementor-background-overlay\"><\/div>\n\t\t\t\t\t\t\t<div class=\"elementor-container elementor-column-gap-default\">\n\t\t\t\t<div class=\"elementor-row\">\n\t\t\t\t<div data-id=\"134aecb\" class=\"elementor-element elementor-element-134aecb elementor-column elementor-col-100 elementor-top-column\" data-element_type=\"column\">\n\t\t\t<div class=\"elementor-column-wrap  elementor-element-populated\">\n\t\t\t\t\t<div class=\"elementor-widget-wrap\">\n\t\t\t\t<section data-id=\"75e2b65\" class=\"elementor-element elementor-element-75e2b65 stellar elementor-section-boxed elementor-section-height-default elementor-section-height-default elementor-section elementor-inner-section\" data-element_type=\"section\">\n\t\t\t\t\t\t<div class=\"elementor-container elementor-column-gap-default\">\n\t\t\t\t<div class=\"elementor-row\">\n\t\t\t\t<div data-id=\"edc6050\" class=\"elementor-element elementor-element-edc6050 elementor-column elementor-col-50 elementor-inner-column\" data-element_type=\"column\">\n\t\t\t<div class=\"elementor-column-wrap  elementor-element-populated\">\n\t\t\t\t\t<div class=\"elementor-widget-wrap\">\n\t\t\t\t<div data-id=\"c878d17\" class=\"elementor-element elementor-element-c878d17 animated fadeInUp elementor-invisible elementor-widget elementor-widget-heading\" data-settings=\"{&quot;_animation&quot;:&quot;fadeInUp&quot;}\" data-element_type=\"heading.default\">\n\t\t\t\t<div class=\"elementor-widget-container\">\n\t\t\t<h2 class=\"elementor-heading-title elementor-size-default\">Moderne, \u00e9l\u00e9gant, lumineux<\/h2>\t\t<\/div>\n\t\t\t\t<\/div>\n\t\t\t\t<div data-id=\"648c471\" class=\"elementor-element elementor-element-648c471 animated fadeInUp elementor-invisible elementor-widget elementor-widget-text-editor\" data-settings=\"{&quot;_animation&quot;:&quot;fadeInUp&quot;,&quot;_animation_delay&quot;:400}\" data-element_type=\"text-editor.default\">\n\t\t\t\t<div class=\"elementor-widget-container\">\n\t\t\t\t\t<div class=\"elementor-text-editor elementor-clearfix\"><p>Chaque appartement dispose d&rsquo;une terrasse carrel\u00e9e, <strong>face \u00e0 l\u2019Oc\u00e9an<\/strong>, accessible depuis le s\u00e9jour par de grandes baies vitr\u00e9es.\u00a0<strong>Acc\u00e8s direct<\/strong> \u00e0 la plage SUD, \u00e0 pied, \u00e0 50 m\u00e8tres, par un portillon donnant directement sur le chemin pi\u00e9tonnier qui passe devant la fa\u00e7ade Ouest de la Villa.<\/p><\/div>\n\t\t\t\t<\/div>\n\t\t\t\t<\/div>\n\t\t\t\t<div data-id=\"d0b07f9\" class=\"elementor-element elementor-element-d0b07f9 animated fadeInUp elementor-invisible elementor-widget elementor-widget-button\" data-settings=\"{&quot;_animation&quot;:&quot;fadeInUp&quot;,&quot;_animation_delay&quot;:800}\" data-element_type=\"button.default\">\n\t\t\t\t<div class=\"elementor-widget-container\">\n\t\t\t\t\t<div class=\"elementor-button-wrapper\">\n\t\t\t<a href=\"https:\/\/www.location-hossegor-thalassa.fr\/nos-appartements\" class=\"elementor-button-link elementor-button elementor-size-sm elementor-animation-shrink\" role=\"button\">\n\t\t\t\t\t\t<span class=\"elementor-button-content-wrapper\">\n\t\t\t\t\t\t<span class=\"elementor-button-text\">D\u00e9couvrez les appartements<\/span>\n\t\t<\/span>\n\t\t\t\t\t<\/a>\n\t\t<\/div>\n\t\t\t\t<\/div>\n\t\t\t\t<\/div>\n\t\t\t\t\t\t<\/div>\n\t\t\t<\/div>\n\t\t<\/div>\n\t\t\t\t<div data-id=\"e48f5b0\" class=\"elementor-element elementor-element-e48f5b0 elementor-column elementor-col-50 elementor-inner-column\" data-element_type=\"column\">\n\t\t\t<div class=\"elementor-column-wrap\">\n\t\t\t\t\t<div class=\"elementor-widget-wrap\">\n\t\t\t\t\t\t<\/div>\n\t\t\t<\/div>\n\t\t<\/div>\n\t\t\t\t\t\t<\/div>\n\t\t\t<\/div>\n\t\t<\/section>\n\t\t\t\t\t\t<\/div>\n\t\t\t<\/div>\n\t\t<\/div>\n\t\t\t\t\t\t<\/div>\n\t\t\t<\/div>\n\t\t<\/section>\n\t\t\t\t<section data-id=\"4cb8434\" class=\"elementor-element elementor-element-4cb8434 elementor-section-stretched elementor-section-height-min-height animated fadeIn elementor-section-boxed elementor-section-height-default elementor-section-items-middle elementor-invisible elementor-section elementor-top-section\" data-settings=\"{&quot;stretch_section&quot;:&quot;section-stretched&quot;,&quot;background_background&quot;:&quot;classic&quot;,&quot;animation&quot;:&quot;fadeIn&quot;}\" data-element_type=\"section\">\n\t\t\t\t\t\t\t<div class=\"elementor-background-overlay\"><\/div>\n\t\t\t\t\t\t\t<div class=\"elementor-container elementor-column-gap-default\">\n\t\t\t\t<div class=\"elementor-row\">\n\t\t\t\t<div data-id=\"06d01f7\" class=\"elementor-element elementor-element-06d01f7 elementor-column elementor-col-100 elementor-top-column\" data-element_type=\"column\">\n\t\t\t<div class=\"elementor-column-wrap  elementor-element-populated\">\n\t\t\t\t\t<div class=\"elementor-widget-wrap\">\n\t\t\t\t<section data-id=\"897d546\" class=\"elementor-element elementor-element-897d546 stellar elementor-section-boxed elementor-section-height-default elementor-section-height-default elementor-section elementor-inner-section\" data-element_type=\"section\">\n\t\t\t\t\t\t<div class=\"elementor-container elementor-column-gap-default\">\n\t\t\t\t<div class=\"elementor-row\">\n\t\t\t\t<div data-id=\"98fa1bf\" class=\"elementor-element elementor-element-98fa1bf elementor-column elementor-col-50 elementor-inner-column\" data-element_type=\"column\">\n\t\t\t<div class=\"elementor-column-wrap  elementor-element-populated\">\n\t\t\t\t\t<div class=\"elementor-widget-wrap\">\n\t\t\t\t<div data-id=\"543de88\" class=\"elementor-element elementor-element-543de88 animated fadeInUp elementor-invisible elementor-widget elementor-widget-heading\" data-settings=\"{&quot;_animation&quot;:&quot;fadeInUp&quot;}\" data-element_type=\"heading.default\">\n\t\t\t\t<div class=\"elementor-widget-container\">\n\t\t\t<h2 class=\"elementor-heading-title elementor-size-default\">Une situation unique<\/h2>\t\t<\/div>\n\t\t\t\t<\/div>\n\t\t\t\t<div data-id=\"eb9a936\" class=\"elementor-element elementor-element-eb9a936 animated fadeInUp elementor-invisible elementor-widget elementor-widget-text-editor\" data-settings=\"{&quot;_animation&quot;:&quot;fadeInUp&quot;,&quot;_animation_delay&quot;:400}\" data-element_type=\"text-editor.default\">\n\t\t\t\t<div class=\"elementor-widget-container\">\n\t\t\t\t\t<div class=\"elementor-text-editor elementor-clearfix\"><\/div>\n\t\t\t\t<\/div>\n\t\t\t\t<\/div>\n\t\t\t\t<div data-id=\"963ad5f\" class=\"elementor-element elementor-element-963ad5f animated fadeInUp elementor-invisible elementor-widget elementor-widget-button\" data-settings=\"{&quot;_animation&quot;:&quot;fadeInUp&quot;,&quot;_animation_delay&quot;:800}\" data-element_type=\"button.default\">\n\t\t\t\t<div class=\"elementor-widget-container\">\n\t\t\t\t\t<div class=\"elementor-button-wrapper\">\n\t\t\t<a href=\"https:\/\/www.location-hossegor-thalassa.fr\/gallerie-photo\/\" class=\"elementor-button-link elementor-button elementor-size-sm elementor-animation-shrink\" role=\"button\">\n\t\t\t\t\t\t<span class=\"elementor-button-content-wrapper\">\n\t\t\t\t\t\t<span class=\"elementor-button-text\">Voir les photos<\/span>\n\t\t<\/span>\n\t\t\t\t\t<\/a>\n\t\t<\/div>\n\t\t\t\t<\/div>\n\t\t\t\t<\/div>\n\t\t\t\t\t\t<\/div>\n\t\t\t<\/div>\n\t\t<\/div>\n\t\t\t\t<div data-id=\"fbf3d4d\" class=\"elementor-element elementor-element-fbf3d4d elementor-column elementor-col-50 elementor-inner-column\" data-element_type=\"column\">\n\t\t\t<div class=\"elementor-column-wrap\">\n\t\t\t\t\t<div class=\"elementor-widget-wrap\">\n\t\t\t\t\t\t<\/div>\n\t\t\t<\/div>\n\t\t<\/div>\n\t\t\t\t\t\t<\/div>\n\t\t\t<\/div>\n\t\t<\/section>\n\t\t\t\t\t\t<\/div>\n\t\t\t<\/div>\n\t\t<\/div>\n\t\t\t\t\t\t<\/div>\n\t\t\t<\/div>\n\t\t<\/section>\n\t\t\t\t<section data-id=\"378f7a8\" class=\"elementor-element elementor-element-378f7a8 animated fadeIn elementor-section-boxed elementor-section-height-default elementor-section-height-default elementor-invisible elementor-section elementor-top-section\" data-settings=\"{&quot;animation&quot;:&quot;fadeIn&quot;}\" data-element_type=\"section\">\n\t\t\t\t\t\t<div class=\"elementor-container elementor-column-gap-default\">\n\t\t\t\t<div class=\"elementor-row\">\n\t\t\t\t<div data-id=\"b6a42cc\" class=\"elementor-element elementor-element-b6a42cc elementor-column elementor-col-50 elementor-top-column\" data-element_type=\"column\">\n\t\t\t<div class=\"elementor-column-wrap  elementor-element-populated\">\n\t\t\t\t\t<div class=\"elementor-widget-wrap\">\n\t\t\t\t<div data-id=\"ff3afbc\" class=\"elementor-element elementor-element-ff3afbc elementor-widget elementor-widget-text-editor\" data-element_type=\"text-editor.default\">\n\t\t\t\t<div class=\"elementor-widget-container\">\n\t\t\t\t\t<div class=\"elementor-text-editor elementor-clearfix\"><\/div>\n\t\t\t\t<\/div>\n\t\t\t\t<\/div>\n\t\t\t\t<div data-id=\"8991826\" class=\"elementor-element elementor-element-8991826 elementor-widget elementor-widget-heading\" data-element_type=\"heading.default\">\n\t\t\t\t<div class=\"elementor-widget-container\">\n\t\t\t<h2 class=\"elementor-heading-title elementor-size-default\">Agenda<\/h2>\t\t<\/div>\n\t\t\t\t<\/div>\n\t\t\t\t<div data-id=\"f3b4886\" class=\"elementor-element elementor-element-f3b4886 elementor-widget elementor-widget-text-editor\" data-element_type=\"text-editor.default\">\n\t\t\t\t<div class=\"elementor-widget-container\">\n\t\t\t\t\t<div class=\"elementor-text-editor elementor-clearfix\"><p style=\"text-align: center;\">La situation centrale de la villa Thalassa est id\u00e9ale pour profiter des nombreux grands \u00e9v\u00e9nements alentours : <strong>l<a href=\"https:\/\/www.courses-sur-sable.fr\/calendrier\/\">a ronde des sables<\/a><\/strong> en d\u00e9cembre, le festival de danse, culture et musique latines <strong><a href=\"http:\/\/www.hossegor.fr\/fr\/decouvrir\/les-grands-evenements\/latinossegor\/\">Latinossegor<\/a> <\/strong>en septembre, les championnats du monde de surf <strong><a href=\"http:\/\/www.worldsurfleague.com\/events\/2019\/mct\">WSL Quiksilver Pro France<\/a>\u00a0<\/strong>en octobre, la <strong><a href=\"http:\/\/www.hossegor.fr\/fr\/decouvrir\/les-grands-evenements\/braderie\/\">grande braderie<\/a> <\/strong>du Parc d&rsquo;Activit\u00e9 P\u00e9debert de Soorts Hossegor de P\u00e2ques, le festival <strong><a href=\"http:\/\/www.capbreton.fr\/infos-pratiques\/mes-loisirs\/l-offre-culturelle-a-capbreton\/capbreton-festivals\/festival-aout-of-jazz.html\">Ao\u00fbt en Jazz<\/a> <\/strong>de Capbreton&#8230;<\/p><\/div>\n\t\t\t\t<\/div>\n\t\t\t\t<\/div>\n\t\t\t\t<div data-id=\"826c4ac\" class=\"elementor-element elementor-element-826c4ac elementor-button-info elementor-align-center elementor-widget elementor-widget-button\" data-element_type=\"button.default\">\n\t\t\t\t<div class=\"elementor-widget-container\">\n\t\t\t\t\t<div class=\"elementor-button-wrapper\">\n\t\t\t<a href=\"http:\/\/www.hossegor.fr\/fr\/agenda\/\" class=\"elementor-button-link elementor-button elementor-size-sm\" role=\"button\">\n\t\t\t\t\t\t<span class=\"elementor-button-content-wrapper\">\n\t\t\t\t\t\t<span class=\"elementor-button-icon elementor-align-icon-left\">\n\t\t\t\t<i class=\"fa fa-calendar\" aria-hidden=\"true\"><\/i>\n\t\t\t<\/span>\n\t\t\t\t\t\t<span class=\"elementor-button-text\">Agenda Hossegor<\/span>\n\t\t<\/span>\n\t\t\t\t\t<\/a>\n\t\t<\/div>\n\t\t\t\t<\/div>\n\t\t\t\t<\/div>\n\t\t\t\t\t\t<\/div>\n\t\t\t<\/div>\n\t\t<\/div>\n\t\t\t\t<div data-id=\"c5e8801\" class=\"elementor-element elementor-element-c5e8801 elementor-column elementor-col-50 elementor-top-column\" data-element_type=\"column\">\n\t\t\t<div class=\"elementor-column-wrap  elementor-element-populated\">\n\t\t\t\t\t<div class=\"elementor-widget-wrap\">\n\t\t\t\t<div data-id=\"045511e\" class=\"elementor-element elementor-element-045511e elementor-widget elementor-widget-image\" data-element_type=\"image.default\">\n\t\t\t\t<div class=\"elementor-widget-container\">\n\t\t\t\t\t<div class=\"elementor-image\">\n\t\t\t\t\t\t\t\t\t\t<img width=\"770\" height=\"554\" src=\"https:\/\/www.location-hossegor-thalassa.fr\/wp-content\/uploads\/2018\/12\/location-championnat-monde-surf-hossegor-1.jpg\" class=\"attachment-large size-large\" alt=\"location-championnat-monde-surf-hossegor\" loading=\"lazy\" srcset=\"https:\/\/www.location-hossegor-thalassa.fr\/wp-content\/uploads\/2018\/12\/location-championnat-monde-surf-hossegor-1.jpg 770w, https:\/\/www.location-hossegor-thalassa.fr\/wp-content\/uploads\/2018\/12\/location-championnat-monde-surf-hossegor-1-300x216.jpg 300w, https:\/\/www.location-hossegor-thalassa.fr\/wp-content\/uploads\/2018\/12\/location-championnat-monde-surf-hossegor-1-768x553.jpg 768w, https:\/\/www.location-hossegor-thalassa.fr\/wp-content\/uploads\/2018\/12\/location-championnat-monde-surf-hossegor-1-440x317.jpg 440w, https:\/\/www.location-hossegor-thalassa.fr\/wp-content\/uploads\/2018\/12\/location-championnat-monde-surf-hossegor-1-600x432.jpg 600w\" sizes=\"(max-width: 770px) 100vw, 770px\" \/>\t\t\t\t\t\t\t\t\t\t\t<\/div>\n\t\t\t\t<\/div>\n\t\t\t\t<\/div>\n\t\t\t\t\t\t<\/div>\n\t\t\t<\/div>\n\t\t<\/div>\n\t\t\t\t\t\t<\/div>\n\t\t\t<\/div>\n\t\t<\/section>\n\t\t\t\t\t\t<\/div>\n\t\t\t<\/div>\n\t\t<\/div>\n\t\t","protected":false},"excerpt":{"rendered":"<p>vos vacances au bord de l&rsquo;oc\u00e9an atlantique Votre appartement face \u00e0 l&rsquo;Oc\u00e9an \u00e0 HOSSEGOR &#8211; plage SUD. Situation unique au rez de chauss\u00e9e de la&nbsp;Villa Thalassa.&nbsp; Pour vous&nbsp;ressourcer loin des tumultes de la vie quotidienne,&nbsp;les pieds dans l&rsquo;eau&#8230; Construction 2010. [&hellip;]<\/p>\n","protected":false},"author":1,"featured_media":0,"parent":0,"menu_order":0,"comment_status":"closed","ping_status":"closed","template":"","meta":{"_monsterinsights_skip_tracking":false,"_monsterinsights_sitenote_active":false,"_monsterinsights_sitenote_note":"","_monsterinsights_sitenote_category":0},"_links":{"self":[{"href":"https:\/\/www.location-hossegor-thalassa.fr\/home\/wp-json\/wp\/v2\/pages\/2131"}],"collection":[{"href":"https:\/\/www.location-hossegor-thalassa.fr\/home\/wp-json\/wp\/v2\/pages"}],"about":[{"href":"https:\/\/www.location-hossegor-thalassa.fr\/home\/wp-json\/wp\/v2\/types\/page"}],"author":[{"embeddable":true,"href":"https:\/\/www.location-hossegor-thalassa.fr\/home\/wp-json\/wp\/v2\/users\/1"}],"replies":[{"embeddable":true,"href":"https:\/\/www.location-hossegor-thalassa.fr\/home\/wp-json\/wp\/v2\/comments?post=2131"}],"version-history":[{"count":26,"href":"https:\/\/www.location-hossegor-thalassa.fr\/home\/wp-json\/wp\/v2\/pages\/2131\/revisions"}],"predecessor-version":[{"id":2277,"href":"https:\/\/www.location-hossegor-thalassa.fr\/home\/wp-json\/wp\/v2\/pages\/2131\/revisions\/2277"}],"wp:attachment":[{"href":"https:\/\/www.location-hossegor-thalassa.fr\/home\/wp-json\/wp\/v2\/media?parent=2131"}],"curies":[{"name":"wp","href":"https:\/\/api.w.org\/{rel}","templated":true}]}}