{"id":278,"date":"2018-06-19T08:57:21","date_gmt":"2018-06-19T06:57:21","guid":{"rendered":"https:\/\/www.location-hossegor-thalassa.fr\/?page_id=278"},"modified":"2018-12-23T08:24:24","modified_gmt":"2018-12-23T07:24:24","slug":"liste-des-equipements","status":"publish","type":"page","link":"https:\/\/www.location-hossegor-thalassa.fr\/home\/liste-des-equipements\/","title":{"rendered":"Liste des \u00e9quipements"},"content":{"rendered":"\t\t<div data-elementor-type=\"post\" data-elementor-id=\"278\" class=\"elementor elementor-278\" data-elementor-settings=\"[]\">\n\t\t\t<div class=\"elementor-inner\">\n\t\t\t\t<div class=\"elementor-section-wrap\">\n\t\t\t\t\t\t\t<section data-id=\"8a52f92\" class=\"elementor-element elementor-element-8a52f92 elementor-section-boxed elementor-section-height-default elementor-section-height-default elementor-section elementor-top-section\" data-element_type=\"section\">\n\t\t\t\t\t\t<div class=\"elementor-container elementor-column-gap-default\">\n\t\t\t\t<div class=\"elementor-row\">\n\t\t\t\t<div data-id=\"1b3cc5c\" class=\"elementor-element elementor-element-1b3cc5c elementor-column elementor-col-100 elementor-top-column\" data-element_type=\"column\">\n\t\t\t<div class=\"elementor-column-wrap  elementor-element-populated\">\n\t\t\t\t\t<div class=\"elementor-widget-wrap\">\n\t\t\t\t<div data-id=\"44e31d8\" class=\"elementor-element elementor-element-44e31d8 animated fadeInUp elementor-invisible elementor-widget elementor-widget-heading\" data-settings=\"{&quot;_animation&quot;:&quot;fadeInUp&quot;}\" data-element_type=\"heading.default\">\n\t\t\t\t<div class=\"elementor-widget-container\">\n\t\t\t<h1 class=\"elementor-heading-title elementor-size-default\">La  liste des \u00e9quipements<\/h1>\t\t<\/div>\n\t\t\t\t<\/div>\n\t\t\t\t<div data-id=\"5957f8a\" class=\"elementor-element elementor-element-5957f8a animated fadeInUp elementor-invisible elementor-widget elementor-widget-text-editor\" data-settings=\"{&quot;_animation&quot;:&quot;fadeInUp&quot;,&quot;_animation_delay&quot;:400}\" data-element_type=\"text-editor.default\">\n\t\t\t\t<div class=\"elementor-widget-container\">\n\t\t\t\t\t<div class=\"elementor-text-editor elementor-clearfix\"><p class=\"p1\"><span class=\"s1\">Ext\u00e9rieur, cuisine, salle \u00e0 manger, loisir&#8230;\u00a0<\/span><\/p><\/div>\n\t\t\t\t<\/div>\n\t\t\t\t<\/div>\n\t\t\t\t\t\t<\/div>\n\t\t\t<\/div>\n\t\t<\/div>\n\t\t\t\t\t\t<\/div>\n\t\t\t<\/div>\n\t\t<\/section>\n\t\t\t\t<section data-id=\"b64a157\" class=\"elementor-element elementor-element-b64a157 elementor-section-boxed elementor-section-height-default elementor-section-height-default elementor-section elementor-top-section\" data-element_type=\"section\">\n\t\t\t\t\t\t<div class=\"elementor-container elementor-column-gap-default\">\n\t\t\t\t<div class=\"elementor-row\">\n\t\t\t\t<div data-id=\"a5ff7a3\" class=\"elementor-element elementor-element-a5ff7a3 elementor-column elementor-col-66 elementor-top-column\" data-element_type=\"column\">\n\t\t\t<div class=\"elementor-column-wrap  elementor-element-populated\">\n\t\t\t\t\t<div class=\"elementor-widget-wrap\">\n\t\t\t\t<div data-id=\"17b9cfa\" class=\"elementor-element elementor-element-17b9cfa animated fadeInUp elementor-invisible elementor-widget elementor-widget-text-editor\" data-settings=\"{&quot;_animation&quot;:&quot;fadeInUp&quot;}\" data-element_type=\"text-editor.default\">\n\t\t\t\t<div class=\"elementor-widget-container\">\n\t\t\t\t\t<div class=\"elementor-text-editor elementor-clearfix\"><h2 data-wdio=\"amenities-header\">\u00c9quipements<\/h2>\n<div class=\"amenities\" data-wdio=\"amenities\">\n<div class=\"amenities-subsection u-freetext-fix\">\n<ul class=\"amenities-subsection__list list-unstyled\" data-wdio=\"amenities-list\">\n \t<li class=\"amenity-single padding-bottom-2x\">\n<div class=\"amenity-single__content\">\n<div class=\"amenity-single__label\">Climatisation<\/div>\n<\/div><\/li>\n \t<li class=\"amenity-single padding-bottom-2x\">\n<div class=\"amenity-single__content\">\n<div class=\"amenity-single__label\">Chauffage<\/div>\n<\/div><\/li>\n \t<li class=\"amenity-single padding-bottom-2x\">\n<div class=\"amenity-single__content\">\n<div class=\"amenity-single__label\">Satellite ou C\u00e2ble<\/div>\n<\/div><\/li>\n \t<li class=\"amenity-single padding-bottom-2x\">\n<div class=\"amenity-single__content\">\n<div class=\"amenity-single__label\">Parking<\/div>\n<\/div><\/li>\n \t<li class=\"amenity-single__label\">Internet<\/d>\n \t<li class=\"amenity-single__label\">Climatisation<\/li>\n<\/ul>\n<\/div>\n<ul class=\"amenities-subsection__list list-unstyled\" data-wdio=\"amenities-list\">\n \t<li class=\"amenity-single padding-bottom-2x\">\n<div class=\"amenity-single__content\">\n<div class=\"amenity-single__label\">Linge de maison fourni<\/div>\n<\/div><\/li>\n \t<li class=\"amenity-single padding-bottom-2x\">\n<div class=\"amenity-single__content\">\n<div class=\"amenity-single__label\">Lave-linge<\/div>\n<\/div><\/li>\n \t<li class=\"amenity-single padding-bottom-2x\">\n<div class=\"amenity-single__content\">\n<div class=\"amenity-single__label\">S\u00e8che-linge<\/div>\n<\/div><\/li>\n \t<li class=\"amenity-single padding-bottom-2x\">\n<div class=\"amenity-single__content\">\n<div class=\"amenity-single__label\">Canap\u00e9-lit<\/div>\n<\/div><\/li>\n \t<li class=\"amenity-single padding-bottom-2x\">\n<div class=\"amenity-single__content\">\n<div class=\"amenity-single__label\">Acc\u00e8s internet<\/div>\n<\/div><\/li>\n \t<li class=\"amenity-single padding-bottom-2x\">\n<div class=\"amenity-single__content\">\n<div class=\"amenity-single__label\">Serviettes de bain fournies<\/div>\n<\/div><\/li>\n \t<li class=\"amenity-single padding-bottom-2x\">\n<div class=\"amenity-single__content\">\n<div class=\"amenity-single__label\">Lit de bronzage<\/div>\n<\/div><\/li>\n \t<li class=\"amenity-single padding-bottom-2x\">\n<div class=\"amenity-single__content\">\n<div class=\"amenity-single__label\">Acc\u00e8s Wi-Fi<\/div>\n<\/div><\/li>\n \t<li class=\"amenity-single padding-bottom-2x\">\n<div class=\"amenity-single__content\">\n<div class=\"amenity-single__label\">Planche et fer \u00e0 repasser<\/div>\n<\/div><\/li>\n \t<li class=\"amenity-single padding-bottom-2x\">\n<div class=\"amenity-single__content\">\n<div class=\"amenity-single__label\">S\u00e8che-cheveux<\/div>\n<\/div><\/li>\n \t<li class=\"amenity-single padding-bottom-2x\">\n<div class=\"amenity-single__content\">\n<div class=\"amenity-single__label\">Cartes locales<\/div>\n<\/div><\/li>\n \t<li class=\"amenity-single padding-bottom-2x\">\n<div class=\"amenity-single__content\">\n<div class=\"amenity-single__label\">Alarme-s\u00e9curit\u00e9<\/div>\n<\/div><\/li>\n \t<li class=\"amenity-single padding-bottom-2x\">\n<div class=\"amenity-single__content\">\n<div class=\"amenity-single__label\">Parking privatif<\/div>\n<\/div><\/li>\n \t<li class=\"amenity-single padding-bottom-2x\">\n<div class=\"amenity-single__content\">\n<div class=\"amenity-single__label\">Aspirateur<\/div>\n<\/div><\/li>\n \t<li class=\"amenity-single padding-bottom-2x\">\n<div class=\"amenity-single__content\">\n<div class=\"amenity-single__label\">Salon<\/div>\n<\/div><\/li>\n \t<li class=\"amenity-single padding-bottom-2x\">\n<div class=\"amenity-single__content\">\n<div class=\"amenity-single__label\">Connexion Wi-Fi gratuite<\/div>\n<\/div><\/li>\n<\/ul>\n<h3 class=\"margin-bottom-3x\" data-wdio=\"amenities-subheader\">Cuisine<\/h3>\n<ul class=\"amenities-subsection__list list-unstyled\" data-wdio=\"amenities-list\">\n \t<li class=\"amenity-single padding-bottom-2x\">\n<div class=\"amenity-single__content\">\n<div class=\"amenity-single__label\">Lave-vaisselle<\/div>\n<\/div><\/li>\n \t<li class=\"amenity-single padding-bottom-2x\">\n<div class=\"amenity-single__content\">\n<div class=\"amenity-single__label\">R\u00e9frig\u00e9rateur<\/div>\n<\/div><\/li>\n \t<li class=\"amenity-single padding-bottom-2x\">\n<div class=\"amenity-single__content\">\n<div class=\"amenity-single__label\">Cong\u00e9lateur<\/div>\n<\/div><\/li>\n \t<li class=\"amenity-single padding-bottom-2x\">\n<div class=\"amenity-single__content\">\n<div class=\"amenity-single__label\">Plaques de cuisson<\/div>\n<\/div><\/li>\n \t<li class=\"amenity-single padding-bottom-2x\">\n<div class=\"amenity-single__content\">\n<div class=\"amenity-single__label\">Four<\/div>\n<\/div><\/li>\n \t<li class=\"amenity-single padding-bottom-2x\">\n<div class=\"amenity-single__content\">\n<div class=\"amenity-single__label\">Four \u00e0 micro-ondes<\/div>\n<\/div><\/li>\n \t<li class=\"amenity-single padding-bottom-2x\">\n<div class=\"amenity-single__content\">\n<div class=\"amenity-single__label\">Gril<\/div>\n<\/div><\/li>\n \t<li class=\"amenity-single padding-bottom-2x\">\n<div class=\"amenity-single__content\">\n<div class=\"amenity-single__label\">Ustensiles de cuisine<\/div>\n<\/div><\/li>\n \t<li class=\"amenity-single padding-bottom-2x\">\n<div class=\"amenity-single__content\">\n<div class=\"amenity-single__label\">Cafeti\u00e8re<\/div>\n<\/div><\/li>\n \t<li class=\"amenity-single padding-bottom-2x\">\n<div class=\"amenity-single__content\">\n<div class=\"amenity-single__label\">Grille-pain<\/div>\n<\/div><\/li>\n<\/ul>\n<h3 class=\"margin-bottom-3x\" data-wdio=\"amenities-subheader\">Salle \u00e0 manger<\/h3>\n<ul class=\"amenities-subsection__list list-unstyled\" data-wdio=\"amenities-list\">\n \t<li class=\"amenity-single padding-bottom-2x\">\n<div class=\"amenity-single__content\">\n<div class=\"amenity-single__label\">Salle \u00e0 manger<\/div>\n<\/div><\/li>\n \t<li class=\"amenity-single padding-bottom-2x\">\n<div class=\"amenity-single__content\">\n<div class=\"amenity-single__label\">Chaise haute<\/div>\n<\/div><\/li>\n \t<li class=\"amenity-single padding-bottom-2x\">\n<div class=\"amenity-single__content\">\n<div class=\"amenity-single__label\">6 places assises<\/div>\n<\/div><\/li>\n<\/ul>\n<h3 class=\"margin-bottom-3x\" data-wdio=\"amenities-subheader\">Equipements de loisirs<\/h3>\n<ul class=\"amenities-subsection__list list-unstyled\" data-wdio=\"amenities-list\">\n \t<li class=\"amenity-single padding-bottom-2x\">\n<div class=\"amenity-single__content\">\n<div class=\"amenity-single__label\">T\u00e9l\u00e9vision<\/div>\n<\/div><\/li>\n \t<li class=\"amenity-single padding-bottom-2x\">\n<div class=\"amenity-single__content\">\n<div class=\"amenity-single__label\">C\u00e2ble\/satellite<\/div>\n<\/div><\/li>\n \t<li class=\"amenity-single padding-bottom-2x\">\n<div class=\"amenity-single__content\">\n<div class=\"amenity-single__label\">Lecteur DVD<\/div>\n<\/div><\/li>\n \t<li class=\"amenity-single padding-bottom-2x\">\n<div class=\"amenity-single__content\">\n<div class=\"amenity-single__label\">Table de ping-pong<\/div>\n<\/div><\/li>\n<\/ul>\n<div id=\"amenities\" class=\"nav-anchor\">\n<div>\n<div class=\"amenities-container\">\n<div>\n<div class=\"amenities\" data-wdio=\"amenities\">\n<div class=\"amenities-subsection u-freetext-fix\">\n<h3 class=\"margin-bottom-3x\" data-wdio=\"amenities-subheader\">A l&rsquo;ext\u00e9rieur<\/h3>\n<ul class=\"amenities-subsection__list list-unstyled\" data-wdio=\"amenities-list\">\n \t<li class=\"amenity-single padding-bottom-2x\">\n<div class=\"amenity-single__content\">\n<div class=\"amenity-single__label\">Jardin<\/div>\n<\/div><\/li>\n \t<li class=\"amenity-single padding-bottom-2x\">\n<div class=\"amenity-single__content\">\n<div class=\"amenity-single__label\">Terrasse<\/div>\n<\/div><\/li>\n \t<li class=\"amenity-single padding-bottom-2x\">\n<div class=\"amenity-single__content\">\n<div class=\"amenity-single__label\">Barbecue ext\u00e9rieur<\/div>\n<\/div><\/li>\n \t<li class=\"amenity-single padding-bottom-2x\">\n<div class=\"amenity-single__content\">\n<div class=\"amenity-single__label\">R\u00e9sidence ferm\u00e9e<\/div>\n<\/div><\/li>\n \t<li class=\"amenity-single padding-bottom-2x\">\n<div class=\"amenity-single__content\">\n<div class=\"amenity-single__label\">Cour<\/div>\n<\/div><\/li>\n \t<li class=\"amenity-single padding-bottom-2x\">\n<div class=\"amenity-single__content\">\n<div class=\"amenity-single__label\">Salon de Jardin<\/div>\n<\/div><\/li>\n \t<li class=\"amenity-single padding-bottom-2x\">\n<div class=\"amenity-single__content\">\n<div class=\"amenity-single__label\">Chaises de jardin<\/div>\n<\/div><\/li>\n<\/ul>\n<\/div>\n<\/div>\n<\/div>\n<\/div>\n<\/div>\n<\/div>\n<div id=\"reviews\" class=\"nav-anchor\">\n<div><section class=\"pdp-section pdp-section--no-padding-top pdp-section--reviews\">\n<div class=\"reviews-container reviews-container--modal u-freetext-fix\"><\/div>\n<\/section><\/div>\n<\/div>\n<h3 class=\"margin-bottom-3x\" data-wdio=\"amenities-subheader\">Salle(s) de bain<\/h3>\n<ul class=\"amenities-subsection__section-summary list-unstyled margin-bottom-0x\">\n \t<li class=\"amenity-single padding-bottom-2x\">\n<div class=\"amenity-single__content\">\n<div class=\"amenity-single__label\">2 Salles de bain, 1 toilette s\u00e9par\u00e9e<\/div>\n<\/div><\/li>\n<\/ul>\n<ul class=\"amenities-subsection__list list-unstyled\" data-wdio=\"amenities-list\">\n \t<li class=\"amenity-single padding-bottom-2x\">\n<div class=\"amenity-single__content\">\n<div class=\"amenity-single__headline\">Toilettes 1<\/div>\n<div class=\"amenity-single__label\">WC<\/div>\n<\/div>\n<div><\/div><\/li>\n<\/ul>\n<\/div><\/div>\n\t\t\t\t<\/div>\n\t\t\t\t<\/div>\n\t\t\t\t\t\t<\/div>\n\t\t\t<\/div>\n\t\t<\/div>\n\t\t\t\t<div data-id=\"10c4cd0\" class=\"elementor-element elementor-element-10c4cd0 elementor-column elementor-col-33 elementor-top-column\" data-element_type=\"column\">\n\t\t\t<div class=\"elementor-column-wrap\">\n\t\t\t\t\t<div class=\"elementor-widget-wrap\">\n\t\t\t\t\t\t<\/div>\n\t\t\t<\/div>\n\t\t<\/div>\n\t\t\t\t\t\t<\/div>\n\t\t\t<\/div>\n\t\t<\/section>\n\t\t\t\t\t\t<\/div>\n\t\t\t<\/div>\n\t\t<\/div>\n\t\t","protected":false},"excerpt":{"rendered":"<p>La liste des \u00e9quipements Ext\u00e9rieur, cuisine, salle \u00e0 manger, loisir&#8230;\u00a0 \u00c9quipements Climatisation Chauffage Satellite ou C\u00e2ble Parking Internet Climatisation Linge de maison fourni Lave-linge S\u00e8che-linge Canap\u00e9-lit Acc\u00e8s internet Serviettes de bain fournies Lit de bronzage Acc\u00e8s Wi-Fi Planche et fer [&hellip;]<\/p>\n","protected":false},"author":1,"featured_media":0,"parent":0,"menu_order":0,"comment_status":"closed","ping_status":"closed","template":"","meta":{"_monsterinsights_skip_tracking":false,"_monsterinsights_sitenote_active":false,"_monsterinsights_sitenote_note":"","_monsterinsights_sitenote_category":0},"_links":{"self":[{"href":"https:\/\/www.location-hossegor-thalassa.fr\/home\/wp-json\/wp\/v2\/pages\/278"}],"collection":[{"href":"https:\/\/www.location-hossegor-thalassa.fr\/home\/wp-json\/wp\/v2\/pages"}],"about":[{"href":"https:\/\/www.location-hossegor-thalassa.fr\/home\/wp-json\/wp\/v2\/types\/page"}],"author":[{"embeddable":true,"href":"https:\/\/www.location-hossegor-thalassa.fr\/home\/wp-json\/wp\/v2\/users\/1"}],"replies":[{"embeddable":true,"href":"https:\/\/www.location-hossegor-thalassa.fr\/home\/wp-json\/wp\/v2\/comments?post=278"}],"version-history":[{"count":4,"href":"https:\/\/www.location-hossegor-thalassa.fr\/home\/wp-json\/wp\/v2\/pages\/278\/revisions"}],"predecessor-version":[{"id":1943,"href":"https:\/\/www.location-hossegor-thalassa.fr\/home\/wp-json\/wp\/v2\/pages\/278\/revisions\/1943"}],"wp:attachment":[{"href":"https:\/\/www.location-hossegor-thalassa.fr\/home\/wp-json\/wp\/v2\/media?parent=278"}],"curies":[{"name":"wp","href":"https:\/\/api.w.org\/{rel}","templated":true}]}}