{"id":407,"date":"2018-06-21T07:50:40","date_gmt":"2018-06-21T05:50:40","guid":{"rendered":"https:\/\/www.location-hossegor-thalassa.fr\/?page_id=407"},"modified":"2019-01-07T18:35:32","modified_gmt":"2019-01-07T17:35:32","slug":"les-avis-2","status":"publish","type":"page","link":"https:\/\/www.location-hossegor-thalassa.fr\/home\/les-avis-2\/","title":{"rendered":"Les Avis"},"content":{"rendered":"\t\t<div data-elementor-type=\"post\" data-elementor-id=\"407\" class=\"elementor elementor-407\" data-elementor-settings=\"[]\">\n\t\t\t<div class=\"elementor-inner\">\n\t\t\t\t<div class=\"elementor-section-wrap\">\n\t\t\t\t\t\t\t<section data-id=\"2ca8a818\" class=\"elementor-element elementor-element-2ca8a818 elementor-section-stretched elementor-section-height-min-height elementor-section-boxed elementor-section-height-default elementor-section-items-middle elementor-section elementor-top-section\" data-settings=\"{&quot;stretch_section&quot;:&quot;section-stretched&quot;,&quot;background_background&quot;:&quot;classic&quot;}\" data-element_type=\"section\">\n\t\t\t\t\t\t\t<div class=\"elementor-background-overlay\"><\/div>\n\t\t\t\t\t\t\t<div class=\"elementor-container elementor-column-gap-default\">\n\t\t\t\t<div class=\"elementor-row\">\n\t\t\t\t<div data-id=\"5231de89\" class=\"elementor-element elementor-element-5231de89 elementor-column elementor-col-100 elementor-top-column\" data-element_type=\"column\">\n\t\t\t<div class=\"elementor-column-wrap  elementor-element-populated\">\n\t\t\t\t\t<div class=\"elementor-widget-wrap\">\n\t\t\t\t<div data-id=\"4b89cec0\" class=\"elementor-element elementor-element-4b89cec0 animated fadeInUp elementor-invisible elementor-widget elementor-widget-heading\" data-settings=\"{&quot;_animation&quot;:&quot;fadeInUp&quot;}\" data-element_type=\"heading.default\">\n\t\t\t\t<div class=\"elementor-widget-container\">\n\t\t\t<h1 class=\"elementor-heading-title elementor-size-default\">Les avis<\/h1>\t\t<\/div>\n\t\t\t\t<\/div>\n\t\t\t\t<div data-id=\"7075b3c6\" class=\"elementor-element elementor-element-7075b3c6 animated fadeInUp elementor-invisible elementor-widget elementor-widget-heading\" data-settings=\"{&quot;_animation&quot;:&quot;fadeInUp&quot;,&quot;_animation_delay&quot;:400}\" data-element_type=\"heading.default\">\n\t\t\t\t<div class=\"elementor-widget-container\">\n\t\t\t<div class=\"elementor-heading-title elementor-size-default\">liste des avis sur leur location de vacance de particuliers \u00e0 particuliers<\/div>\t\t<\/div>\n\t\t\t\t<\/div>\n\t\t\t\t\t\t<\/div>\n\t\t\t<\/div>\n\t\t<\/div>\n\t\t\t\t\t\t<\/div>\n\t\t\t<\/div>\n\t\t<\/section>\n\t\t\t\t<section data-id=\"77feb3c\" class=\"elementor-element elementor-element-77feb3c elementor-section-stretched elementor-section-boxed elementor-section-height-default elementor-section-height-default elementor-section elementor-top-section\" data-settings=\"{&quot;stretch_section&quot;:&quot;section-stretched&quot;}\" data-element_type=\"section\">\n\t\t\t\t\t\t<div class=\"elementor-container elementor-column-gap-default\">\n\t\t\t\t<div class=\"elementor-row\">\n\t\t\t\t<div data-id=\"6615763\" class=\"elementor-element elementor-element-6615763 elementor-column elementor-col-100 elementor-top-column\" data-element_type=\"column\">\n\t\t\t<div class=\"elementor-column-wrap  elementor-element-populated\">\n\t\t\t\t\t<div class=\"elementor-widget-wrap\">\n\t\t\t\t<div data-id=\"0795122\" class=\"elementor-element elementor-element-0795122 elementor-widget elementor-widget-hoteller-slider-property-clip\" data-element_type=\"hoteller-slider-property-clip.default\">\n\t\t\t\t<div class=\"elementor-widget-container\">\n\t\t\t<section class=\"tg_slider_property_clip_wrapper intro\" style=\"width:100%;height:600px;\">\n\t<div class=\"content left\">\n        <div>\n\t        \t    \t<span class=\"subtitle\">Date du s\u00e9jour mai 2016<\/span>\n\t    \t\t\t    \t    \t<h1>&quot;Super !!!&quot; \u2665\u2665\u2665\u2665\u2665\u00a0<\/h1>\n\t    \t\t\t    <p class=\"p1\">Emplacement top, appartement spacieux et propre. Terrasse et acces direct plage tres agreable. Proprietaires vraiment adorables. Nous reviendrons des que possible.<\/p><p><strong>Aurelie S.<\/strong><\/p>\t\t<\/div>\n    <\/div>\n    <div class=\"slider right\">\n        <ul>\n\t\t\t<li class=\"tg_horizontal_gallery_cell\" style=\"background-image:url(https:\/\/www.location-hossegor-thalassa.fr\/wp-content\/uploads\/2018\/12\/vue-hossegor-location-plage-1024x662.jpg);\"><\/li>\n\t        <\/ul>\n        \n        <ul>\n\t        <nav>\n\t\t\t<a href=\"javascript:;\"><\/a>\n\t\t        <\/nav>\n        <\/ul>\n    <\/div>\n<\/section>\n\t\t<\/div>\n\t\t\t\t<\/div>\n\t\t\t\t\t\t<\/div>\n\t\t\t<\/div>\n\t\t<\/div>\n\t\t\t\t\t\t<\/div>\n\t\t\t<\/div>\n\t\t<\/section>\n\t\t\t\t<section data-id=\"8086a33\" class=\"elementor-element elementor-element-8086a33 elementor-section-stretched elementor-section-boxed elementor-section-height-default elementor-section-height-default elementor-section elementor-top-section\" data-settings=\"{&quot;stretch_section&quot;:&quot;section-stretched&quot;}\" data-element_type=\"section\">\n\t\t\t\t\t\t<div class=\"elementor-container elementor-column-gap-default\">\n\t\t\t\t<div class=\"elementor-row\">\n\t\t\t\t<div data-id=\"e346833\" class=\"elementor-element elementor-element-e346833 elementor-column elementor-col-100 elementor-top-column\" data-element_type=\"column\">\n\t\t\t<div class=\"elementor-column-wrap  elementor-element-populated\">\n\t\t\t\t\t<div class=\"elementor-widget-wrap\">\n\t\t\t\t<div data-id=\"1764112\" class=\"elementor-element elementor-element-1764112 elementor-widget elementor-widget-hoteller-slider-property-clip\" data-element_type=\"hoteller-slider-property-clip.default\">\n\t\t\t\t<div class=\"elementor-widget-container\">\n\t\t\t<section class=\"tg_slider_property_clip_wrapper intro\" style=\"width:100%;height:600px;\">\n\t<div class=\"content right\">\n        <div>\n\t        \t    \t<span class=\"subtitle\">Date du s\u00e9jour mai 2016<\/span>\n\t    \t\t\t    \t    \t<h1>&quot;Superbe villa&quot; \u2665\u2665\u2665\u2665\u2665\u00a0<\/h1>\n\t    \t\t\t    <p>C\u2019est une superbe villa dans laquelle nous avons pass\u00e9 un tr\u00e8s bon s\u00e9jour d\u2019une semaine.<br \/>La plage en bout de jardin, de l\u2019espace, un tr\u00e8s beau jardin, rien ne manque en mat\u00e9riel dans la maison, une connexion internet excellente.<br \/>Tr\u00e8s bon emplacement g\u00e9ographique aussi, tout est \u00e0 c\u00f4t\u00e9 de la maison c\u2019est aussi tr\u00e8s appr\u00e9ciable.<br \/>Les propri\u00e9taires sont aussi tr\u00e8s sympathique et r\u00e9pondent rapidement \u00e0 chaque demande par t\u00e9l\u00e9phone ou par mail.<br \/>Nous conseillons fortement cette location.<\/p><p><strong>Nicolas P.<\/strong><\/p>\t\t<\/div>\n    <\/div>\n    <div class=\"slider left\">\n        <ul>\n\t\t\t<li class=\"tg_horizontal_gallery_cell\" style=\"background-image:url(https:\/\/www.location-hossegor-thalassa.fr\/wp-content\/uploads\/2018\/07\/drone-villa-thalassa-hossegor.jpg);\"><\/li>\n\t        <\/ul>\n        \n        <ul>\n\t        <nav>\n\t\t\t<a href=\"javascript:;\"><\/a>\n\t\t        <\/nav>\n        <\/ul>\n    <\/div>\n<\/section>\n\t\t<\/div>\n\t\t\t\t<\/div>\n\t\t\t\t\t\t<\/div>\n\t\t\t<\/div>\n\t\t<\/div>\n\t\t\t\t\t\t<\/div>\n\t\t\t<\/div>\n\t\t<\/section>\n\t\t\t\t<section data-id=\"07df599\" class=\"elementor-element elementor-element-07df599 elementor-section-stretched elementor-section-boxed elementor-section-height-default elementor-section-height-default elementor-section elementor-top-section\" data-settings=\"{&quot;stretch_section&quot;:&quot;section-stretched&quot;}\" data-element_type=\"section\">\n\t\t\t\t\t\t<div class=\"elementor-container elementor-column-gap-default\">\n\t\t\t\t<div class=\"elementor-row\">\n\t\t\t\t<div data-id=\"58c20e9\" class=\"elementor-element elementor-element-58c20e9 elementor-column elementor-col-100 elementor-top-column\" data-element_type=\"column\">\n\t\t\t<div class=\"elementor-column-wrap  elementor-element-populated\">\n\t\t\t\t\t<div class=\"elementor-widget-wrap\">\n\t\t\t\t<div data-id=\"dcc0110\" class=\"elementor-element elementor-element-dcc0110 elementor-widget elementor-widget-hoteller-slider-property-clip\" data-element_type=\"hoteller-slider-property-clip.default\">\n\t\t\t\t<div class=\"elementor-widget-container\">\n\t\t\t<section class=\"tg_slider_property_clip_wrapper intro\" style=\"width:100%;height:600px;\">\n\t<div class=\"content left\">\n        <div>\n\t        \t    \t<span class=\"subtitle\">Date du s\u00e9jour avr. 2016<\/span>\n\t    \t\t\t    \t    \t<h1>&quot;Absolutely fantastic&quot; \u2665\u2665\u2665\u2665\u2665<\/h1>\n\t    \t\t\t    <p class=\"p1\">Great location on the beach and short walk to town. Fully equipped for a family traveling with a small child. If your a surfer it its bonus. The owner is very nice and very helpful. Awesome villa, and very reasonably priced. We will definitely be back<\/p><p><strong>Steve Casey<\/strong><\/p>\t\t<\/div>\n    <\/div>\n    <div class=\"slider right\">\n        <ul>\n\t\t\t<li class=\"tg_horizontal_gallery_cell\" style=\"background-image:url(https:\/\/www.location-hossegor-thalassa.fr\/wp-content\/uploads\/2018\/07\/location-vue-ocean-thalassa-hossegor-1024x662.jpg);\"><\/li>\n\t        <\/ul>\n        \n        <ul>\n\t        <nav>\n\t\t\t<a href=\"javascript:;\"><\/a>\n\t\t        <\/nav>\n        <\/ul>\n    <\/div>\n<\/section>\n\t\t<\/div>\n\t\t\t\t<\/div>\n\t\t\t\t\t\t<\/div>\n\t\t\t<\/div>\n\t\t<\/div>\n\t\t\t\t\t\t<\/div>\n\t\t\t<\/div>\n\t\t<\/section>\n\t\t\t\t\t\t<\/div>\n\t\t\t<\/div>\n\t\t<\/div>\n\t\t","protected":false},"excerpt":{"rendered":"<p>Les avis liste des avis sur leur location de vacance de particuliers \u00e0 particuliers Date du s\u00e9jour mai 2016 &quot;Super !!!&quot; \u2665\u2665\u2665\u2665\u2665\u00a0 Emplacement top, appartement spacieux et propre. Terrasse et acces direct plage tres agreable. Proprietaires vraiment adorables. Nous reviendrons [&hellip;]<\/p>\n","protected":false},"author":1,"featured_media":0,"parent":0,"menu_order":0,"comment_status":"closed","ping_status":"closed","template":"","meta":{"_monsterinsights_skip_tracking":false,"_monsterinsights_sitenote_active":false,"_monsterinsights_sitenote_note":"","_monsterinsights_sitenote_category":0},"_links":{"self":[{"href":"https:\/\/www.location-hossegor-thalassa.fr\/home\/wp-json\/wp\/v2\/pages\/407"}],"collection":[{"href":"https:\/\/www.location-hossegor-thalassa.fr\/home\/wp-json\/wp\/v2\/pages"}],"about":[{"href":"https:\/\/www.location-hossegor-thalassa.fr\/home\/wp-json\/wp\/v2\/types\/page"}],"author":[{"embeddable":true,"href":"https:\/\/www.location-hossegor-thalassa.fr\/home\/wp-json\/wp\/v2\/users\/1"}],"replies":[{"embeddable":true,"href":"https:\/\/www.location-hossegor-thalassa.fr\/home\/wp-json\/wp\/v2\/comments?post=407"}],"version-history":[{"count":2,"href":"https:\/\/www.location-hossegor-thalassa.fr\/home\/wp-json\/wp\/v2\/pages\/407\/revisions"}],"predecessor-version":[{"id":2223,"href":"https:\/\/www.location-hossegor-thalassa.fr\/home\/wp-json\/wp\/v2\/pages\/407\/revisions\/2223"}],"wp:attachment":[{"href":"https:\/\/www.location-hossegor-thalassa.fr\/home\/wp-json\/wp\/v2\/media?parent=407"}],"curies":[{"name":"wp","href":"https:\/\/api.w.org\/{rel}","templated":true}]}}